{"id":27,"date":"2026-04-09T11:50:43","date_gmt":"2026-04-09T09:50:43","guid":{"rendered":"https:\/\/klarafollova.cz\/?page_id=27"},"modified":"2026-04-15T13:19:00","modified_gmt":"2026-04-15T11:19:00","slug":"uvodni-stranka","status":"publish","type":"page","link":"https:\/\/klarafollova.cz\/en\/","title":{"rendered":"\u00davodn\u00ed str\u00e1nka"},"content":{"rendered":"<div data-elementor-type=\"wp-page\" data-elementor-id=\"27\" class=\"elementor elementor-27\">\n\t\t\t\t<div class=\"elementor-element elementor-element-09cfd2a e-flex e-con-boxed e-con e-parent\" data-id=\"09cfd2a\" data-element_type=\"container\" data-e-type=\"container\">\n\t\t\t\t\t<div class=\"e-con-inner\">\n\t\t<div class=\"elementor-element elementor-element-9fcb7c5 e-con-full e-flex e-con e-child\" data-id=\"9fcb7c5\" data-element_type=\"container\" data-e-type=\"container\">\n\t\t<div class=\"elementor-element elementor-element-18c1e49 e-con-full e-flex e-con e-child\" data-id=\"18c1e49\" data-element_type=\"container\" data-e-type=\"container\">\n\t\t\t\t<div class=\"elementor-element elementor-element-82cb9be elementor-widget elementor-widget-heading\" data-id=\"82cb9be\" data-element_type=\"widget\" data-e-type=\"widget\" data-widget_type=\"heading.default\">\n\t\t\t\t\t<h1 class=\"elementor-heading-title elementor-size-default translation-block\">I AM A TV<br>\nAND FILM<br>\nPRODUCER<\/h1>\t\t\t\t<\/div>\n\t\t\t\t<\/div>\n\t\t<div class=\"elementor-element elementor-element-8d741b0 e-con-full e-flex e-con e-child\" data-id=\"8d741b0\" data-element_type=\"container\" data-e-type=\"container\">\n\t\t\t\t<div class=\"elementor-element elementor-element-40b52e5 elementor-invisible elementor-widget elementor-widget-image\" data-id=\"40b52e5\" data-element_type=\"widget\" data-e-type=\"widget\" data-settings=\"{&quot;_animation&quot;:&quot;fadeInRight&quot;}\" data-widget_type=\"image.default\">\n\t\t\t\t\t\t\t\t\t\t\t\t\t\t\t<img fetchpriority=\"high\" decoding=\"async\" width=\"1024\" height=\"806\" src=\"https:\/\/klarafollova.cz\/wp-content\/uploads\/2026\/04\/uvod-1-1024x806.webp\" class=\"attachment-large size-large wp-image-42\" alt=\"Vesm\u00edrn\u00e1 Odysea\" srcset=\"https:\/\/klarafollova.cz\/wp-content\/uploads\/2026\/04\/uvod-1-1024x806.webp 1024w, https:\/\/klarafollova.cz\/wp-content\/uploads\/2026\/04\/uvod-1-300x236.webp 300w, https:\/\/klarafollova.cz\/wp-content\/uploads\/2026\/04\/uvod-1-768x604.webp 768w, https:\/\/klarafollova.cz\/wp-content\/uploads\/2026\/04\/uvod-1-15x12.webp 15w, https:\/\/klarafollova.cz\/wp-content\/uploads\/2026\/04\/uvod-1.webp 1440w\" sizes=\"(max-width: 1024px) 100vw, 1024px\" \/>\t\t\t\t\t\t\t\t\t\t\t\t\t\t\t<\/div>\n\t\t\t\t<\/div>\n\t\t\t\t<\/div>\n\t\t\t\t<div class=\"elementor-element elementor-element-c0eb389 elementor-widget elementor-widget-text-editor\" data-id=\"c0eb389\" data-element_type=\"widget\" data-e-type=\"widget\" data-widget_type=\"text-editor.default\">\n\t\t\t\t\t\t\t\t\t<p>Owner of the production company <a href=\"https:\/\/www.followfilm.cz\/\" target=\"_blank\" rel=\"noopener\"><strong>Follow Film Prague<\/strong><\/a>and a mother of three kids. <br>I am currently based in Prague, Czech Republic.<\/p><p>I hold two Master\u2019s degrees \u2013 from the <strong><a href=\"https:\/\/www.famu.cz\/cs\/katedry\/katedra-produkce\/\" target=\"_blank\" rel=\"noopener\">Department of Production at FAMU<\/a><\/strong> and <strong><a href=\"https:\/\/fsv.cuni.cz\/\" target=\"_blank\" rel=\"noopener\">Media Studies at the Faculty of Social Sciences of Charles University<\/a><\/strong> .<\/p><p>I love television, movies, theatre, literature, traveling and nature. My themes are freedom, equality and feminism.<\/p><p>I am a member of <strong><a href=\"https:\/\/www.ewawomen.com\/welcome-ewas-network\/\">European Women\u2019s Audiovisual Network<\/a><\/strong> and <strong><a href=\"https:\/\/www.inspireimpact.cz\/\">Inspire&amp;Impact Network<\/a><\/strong> and <strong><a href=\"https:\/\/www.midpoint-institute.eu\/en\/detail\/midpoint-series-launch-2023-9WWLLs\">MIDPOINT Series Launch<\/a><\/strong> alumni.<\/p><p>I speak Czech, Slovak, English and German, and I am starting with French.<\/p>\t\t\t\t\t\t\t\t<\/div>\n\t\t\t\t<div class=\"elementor-element elementor-element-1f2c4ad elementor-invisible elementor-widget elementor-widget-image\" data-id=\"1f2c4ad\" data-element_type=\"widget\" data-e-type=\"widget\" data-settings=\"{&quot;_animation&quot;:&quot;fadeInUp&quot;}\" data-widget_type=\"image.default\">\n\t\t\t\t\t\t\t\t\t\t\t\t\t\t\t<img decoding=\"async\" width=\"719\" height=\"425\" src=\"https:\/\/klarafollova.cz\/wp-content\/uploads\/2026\/04\/tvar-4.svg\" class=\"attachment-large size-large wp-image-20\" alt=\"\" \/>\t\t\t\t\t\t\t\t\t\t\t\t\t\t\t<\/div>\n\t\t\t\t\t<\/div>\n\t\t\t\t<\/div>\n\t\t<div class=\"elementor-element elementor-element-3155399 e-flex e-con-boxed e-con e-parent\" data-id=\"3155399\" data-element_type=\"container\" data-e-type=\"container\">\n\t\t\t\t\t<div class=\"e-con-inner\">\n\t\t\t\t<div class=\"elementor-element elementor-element-4e137e5 elementor-widget-divider--view-line elementor-widget elementor-widget-divider\" data-id=\"4e137e5\" data-element_type=\"widget\" data-e-type=\"widget\" data-widget_type=\"divider.default\">\n\t\t\t\t\t\t\t<div class=\"elementor-divider\">\n\t\t\t<span class=\"elementor-divider-separator\">\n\t\t\t\t\t\t<\/span>\n\t\t<\/div>\n\t\t\t\t\t\t<\/div>\n\t\t<div class=\"elementor-element elementor-element-ac49b4c e-grid e-con-full e-con e-child\" data-id=\"ac49b4c\" data-element_type=\"container\" data-e-type=\"container\">\n\t\t\t\t<div class=\"elementor-element elementor-element-9f49a83 counter elementor-widget elementor-widget-counter\" data-id=\"9f49a83\" data-element_type=\"widget\" data-e-type=\"widget\" data-widget_type=\"counter.default\">\n\t\t\t\t\t\t\t<div class=\"elementor-counter\">\n\t\t\t<div class=\"elementor-counter-title\">years of experience<\/div>\t\t\t<div class=\"elementor-counter-number-wrapper\">\n\t\t\t\t<span class=\"elementor-counter-number-prefix\"><\/span>\n\t\t\t\t<span class=\"elementor-counter-number\" data-duration=\"3500\" data-to-value=\"20\" data-from-value=\"0\" data-delimiter=\",\">0<\/span>\n\t\t\t\t<span class=\"elementor-counter-number-suffix\"><\/span>\n\t\t\t<\/div>\n\t\t<\/div>\n\t\t\t\t\t\t<\/div>\n\t\t\t\t<div class=\"elementor-element elementor-element-d4412db counter elementor-widget elementor-widget-counter\" data-id=\"d4412db\" data-element_type=\"widget\" data-e-type=\"widget\" data-widget_type=\"counter.default\">\n\t\t\t\t\t\t\t<div class=\"elementor-counter\">\n\t\t\t<div class=\"elementor-counter-title\">countries<\/div>\t\t\t<div class=\"elementor-counter-number-wrapper\">\n\t\t\t\t<span class=\"elementor-counter-number-prefix\"><\/span>\n\t\t\t\t<span class=\"elementor-counter-number\" data-duration=\"3500\" data-to-value=\"4\" data-from-value=\"0\" data-delimiter=\",\">0<\/span>\n\t\t\t\t<span class=\"elementor-counter-number-suffix\"><\/span>\n\t\t\t<\/div>\n\t\t<\/div>\n\t\t\t\t\t\t<\/div>\n\t\t\t\t<div class=\"elementor-element elementor-element-6b66248 counter elementor-widget elementor-widget-counter\" data-id=\"6b66248\" data-element_type=\"widget\" data-e-type=\"widget\" data-widget_type=\"counter.default\">\n\t\t\t\t\t\t\t<div class=\"elementor-counter\">\n\t\t\t<div class=\"elementor-counter-title\">managed projects<\/div>\t\t\t<div class=\"elementor-counter-number-wrapper\">\n\t\t\t\t<span class=\"elementor-counter-number-prefix\"><\/span>\n\t\t\t\t<span class=\"elementor-counter-number\" data-duration=\"3500\" data-to-value=\"60\" data-from-value=\"0\" data-delimiter=\",\">0<\/span>\n\t\t\t\t<span class=\"elementor-counter-number-suffix\"><\/span>\n\t\t\t<\/div>\n\t\t<\/div>\n\t\t\t\t\t\t<\/div>\n\t\t\t\t<\/div>\n\t\t\t\t<div class=\"elementor-element elementor-element-d4ef81a elementor-widget-divider--view-line elementor-widget elementor-widget-divider\" data-id=\"d4ef81a\" data-element_type=\"widget\" data-e-type=\"widget\" data-widget_type=\"divider.default\">\n\t\t\t\t\t\t\t<div class=\"elementor-divider\">\n\t\t\t<span class=\"elementor-divider-separator\">\n\t\t\t\t\t\t<\/span>\n\t\t<\/div>\n\t\t\t\t\t\t<\/div>\n\t\t\t\t\t<\/div>\n\t\t\t\t<\/div>\n\t\t\t\t<\/div>","protected":false},"excerpt":{"rendered":"<p>JSEM TELEVIZN\u00cd A&nbsp;FILMOV\u00c1 PRODUCENTKA Majitelka spole\u010dnosti Follow Film Prague, m\u00e1ma t\u0159\u00ed d\u011bt\u00ed. Vystudovala jsem Katedru produkce na FAMU a Medi\u00e1ln\u00ed studia na Fakult\u011b soci\u00e1ln\u00edch v\u011bd UK a jsem dr\u017eitelkou dvou magistersk\u00fdch titul\u016f. Miluju cestov\u00e1n\u00ed, p\u0159\u00edrodu, filmy, televizi, divadlo a literaturu. M\u00fdmi t\u00e9maty jsou, svoboda, rovnopr\u00e1vnost a feminismus. Jsem \u010dlenkou European Women\u2019s Audiovisual Network a Inspire&amp;Impact [&hellip;]<\/p>\n","protected":false},"author":1,"featured_media":0,"parent":0,"menu_order":0,"comment_status":"closed","ping_status":"closed","template":"","meta":{"footnotes":""},"class_list":["post-27","page","type-page","status-publish","hentry"],"_links":{"self":[{"href":"https:\/\/klarafollova.cz\/en\/wp-json\/wp\/v2\/pages\/27","targetHints":{"allow":["GET"]}}],"collection":[{"href":"https:\/\/klarafollova.cz\/en\/wp-json\/wp\/v2\/pages"}],"about":[{"href":"https:\/\/klarafollova.cz\/en\/wp-json\/wp\/v2\/types\/page"}],"author":[{"embeddable":true,"href":"https:\/\/klarafollova.cz\/en\/wp-json\/wp\/v2\/users\/1"}],"replies":[{"embeddable":true,"href":"https:\/\/klarafollova.cz\/en\/wp-json\/wp\/v2\/comments?post=27"}],"version-history":[{"count":55,"href":"https:\/\/klarafollova.cz\/en\/wp-json\/wp\/v2\/pages\/27\/revisions"}],"predecessor-version":[{"id":240,"href":"https:\/\/klarafollova.cz\/en\/wp-json\/wp\/v2\/pages\/27\/revisions\/240"}],"wp:attachment":[{"href":"https:\/\/klarafollova.cz\/en\/wp-json\/wp\/v2\/media?parent=27"}],"curies":[{"name":"wp","href":"https:\/\/api.w.org\/{rel}","templated":true}]}}