{"id":134,"date":"2026-04-10T09:15:54","date_gmt":"2026-04-10T07:15:54","guid":{"rendered":"https:\/\/klarafollova.cz\/?page_id=134"},"modified":"2026-04-23T11:12:59","modified_gmt":"2026-04-23T09:12:59","slug":"video","status":"publish","type":"page","link":"https:\/\/klarafollova.cz\/en\/video\/","title":{"rendered":"Video"},"content":{"rendered":"<div data-elementor-type=\"wp-page\" data-elementor-id=\"134\" class=\"elementor elementor-134\">\n\t\t\t\t<div class=\"elementor-element elementor-element-d156135 e-flex e-con-boxed e-con e-parent\" data-id=\"d156135\" data-element_type=\"container\" data-e-type=\"container\">\n\t\t\t\t\t<div class=\"e-con-inner\">\n\t\t<div class=\"elementor-element elementor-element-5d8d13f e-con-full e-flex e-con e-child\" data-id=\"5d8d13f\" data-element_type=\"container\" data-e-type=\"container\">\n\t\t<div class=\"elementor-element elementor-element-f5f87b2 e-con-full e-flex e-con e-child\" data-id=\"f5f87b2\" data-element_type=\"container\" data-e-type=\"container\">\n\t\t\t\t<div class=\"elementor-element elementor-element-87b3942 elementor-widget elementor-widget-heading\" data-id=\"87b3942\" data-element_type=\"widget\" data-e-type=\"widget\" data-widget_type=\"heading.default\">\n\t\t\t\t\t<h1 class=\"elementor-heading-title elementor-size-default\">VIDEO<\/h1>\t\t\t\t<\/div>\n\t\t\t\t<div class=\"elementor-element elementor-element-dcb6b0a elementor-widget elementor-widget-heading\" data-id=\"dcb6b0a\" data-element_type=\"widget\" data-e-type=\"widget\" data-widget_type=\"heading.default\">\n\t\t\t\t\t<p class=\"elementor-heading-title elementor-size-default\">some of my projects\n<\/p>\t\t\t\t<\/div>\n\t\t\t\t<\/div>\n\t\t<div class=\"elementor-element elementor-element-a0f7a4f e-con-full e-flex elementor-invisible e-con e-child\" data-id=\"a0f7a4f\" data-element_type=\"container\" data-e-type=\"container\" data-settings=\"{&quot;animation&quot;:&quot;fadeInRight&quot;}\">\n\t\t\t\t<div class=\"elementor-element elementor-element-1fe1acc elementor-widget elementor-widget-image\" data-id=\"1fe1acc\" data-element_type=\"widget\" data-e-type=\"widget\" data-widget_type=\"image.default\">\n\t\t\t\t\t\t\t\t\t\t\t\t\t\t\t<img fetchpriority=\"high\" decoding=\"async\" width=\"619\" height=\"545\" src=\"https:\/\/klarafollova.cz\/wp-content\/uploads\/2026\/04\/tvar-2.svg\" class=\"attachment-large size-large wp-image-18\" alt=\"\" \/>\t\t\t\t\t\t\t\t\t\t\t\t\t\t\t<\/div>\n\t\t\t\t<\/div>\n\t\t\t\t<\/div>\n\t\t<div class=\"elementor-element elementor-element-59fdabf e-con-full e-flex e-con e-child\" data-id=\"59fdabf\" data-element_type=\"container\" data-e-type=\"container\">\n\t\t<div class=\"elementor-element elementor-element-1d5bf6f e-grid e-con-full e-con e-child\" data-id=\"1d5bf6f\" data-element_type=\"container\" data-e-type=\"container\">\n\t\t<a class=\"elementor-element elementor-element-421d0c9 e-con-full e-flex elementor-invisible e-con e-child\" data-id=\"421d0c9\" data-element_type=\"container\" data-e-type=\"container\" data-settings=\"{&quot;animation&quot;:&quot;fadeInLeft&quot;,&quot;animation_delay&quot;:300}\" href=\"https:\/\/www.youtube.com\/watch?v=QXmKBFnWQ0g\" target=\"_blank\">\n\t\t\t\t<div class=\"elementor-element elementor-element-c98f28b elementor-widget elementor-widget-image\" data-id=\"c98f28b\" data-element_type=\"widget\" data-e-type=\"widget\" data-widget_type=\"image.default\">\n\t\t\t\t\t\t\t\t\t\t\t\t\t\t\t<img decoding=\"async\" width=\"724\" height=\"1024\" src=\"https:\/\/klarafollova.cz\/wp-content\/uploads\/2026\/04\/cover-zlata-labut-724x1024.webp\" class=\"attachment-large size-large wp-image-216\" alt=\"\" srcset=\"https:\/\/klarafollova.cz\/wp-content\/uploads\/2026\/04\/cover-zlata-labut-724x1024.webp 724w, https:\/\/klarafollova.cz\/wp-content\/uploads\/2026\/04\/cover-zlata-labut-212x300.webp 212w, https:\/\/klarafollova.cz\/wp-content\/uploads\/2026\/04\/cover-zlata-labut-768x1086.webp 768w, https:\/\/klarafollova.cz\/wp-content\/uploads\/2026\/04\/cover-zlata-labut-8x12.webp 8w, https:\/\/klarafollova.cz\/wp-content\/uploads\/2026\/04\/cover-zlata-labut.webp 990w\" sizes=\"(max-width: 724px) 100vw, 724px\" \/>\t\t\t\t\t\t\t\t\t\t\t\t\t\t\t<\/div>\n\t\t\t\t<div class=\"elementor-element elementor-element-3e83935 elementor-widget elementor-widget-heading\" data-id=\"3e83935\" data-element_type=\"widget\" data-e-type=\"widget\" data-widget_type=\"heading.default\">\n\t\t\t\t\t<p class=\"elementor-heading-title elementor-size-default\">GOLDEN SWAN\n<br>\n<small>romantic period drama<\/small>\n<br>\n<small>56 episodes<br><small>Photo: TV Nova<\/small><\/small><\/p>\t\t\t\t<\/div>\n\t\t\t\t<\/a>\n\t\t<a class=\"elementor-element elementor-element-d0f9553 e-con-full e-flex elementor-invisible e-con e-child\" data-id=\"d0f9553\" data-element_type=\"container\" data-e-type=\"container\" data-settings=\"{&quot;animation&quot;:&quot;fadeInLeft&quot;,&quot;animation_delay&quot;:150}\" href=\"https:\/\/www.youtube.com\/watch?v=fG2_p9b3HFA\" target=\"_blank\">\n\t\t\t\t<div class=\"elementor-element elementor-element-cd416b8 elementor-widget elementor-widget-image\" data-id=\"cd416b8\" data-element_type=\"widget\" data-e-type=\"widget\" data-widget_type=\"image.default\">\n\t\t\t\t\t\t\t\t\t\t\t\t\t\t\t<img decoding=\"async\" width=\"724\" height=\"1024\" src=\"https:\/\/klarafollova.cz\/wp-content\/uploads\/2026\/04\/cover-chcete-byt-milionarem-724x1024.webp\" class=\"attachment-large size-large wp-image-217\" alt=\"\" srcset=\"https:\/\/klarafollova.cz\/wp-content\/uploads\/2026\/04\/cover-chcete-byt-milionarem-724x1024.webp 724w, https:\/\/klarafollova.cz\/wp-content\/uploads\/2026\/04\/cover-chcete-byt-milionarem-212x300.webp 212w, https:\/\/klarafollova.cz\/wp-content\/uploads\/2026\/04\/cover-chcete-byt-milionarem-768x1086.webp 768w, https:\/\/klarafollova.cz\/wp-content\/uploads\/2026\/04\/cover-chcete-byt-milionarem-8x12.webp 8w, https:\/\/klarafollova.cz\/wp-content\/uploads\/2026\/04\/cover-chcete-byt-milionarem.webp 990w\" sizes=\"(max-width: 724px) 100vw, 724px\" \/>\t\t\t\t\t\t\t\t\t\t\t\t\t\t\t<\/div>\n\t\t\t\t<div class=\"elementor-element elementor-element-9851125 elementor-widget elementor-widget-heading\" data-id=\"9851125\" data-element_type=\"widget\" data-e-type=\"widget\" data-widget_type=\"heading.default\">\n\t\t\t\t\t<p class=\"elementor-heading-title elementor-size-default\">WHO WANTS TO BE A MILLIONAIRE?\n<br>\n<small>TV game show<\/small>\n<br>\n<small>13 episodes<br><small>Photo: TV Nova<\/small><\/small><\/p>\t\t\t\t<\/div>\n\t\t\t\t<\/a>\n\t\t<a class=\"elementor-element elementor-element-a98959c e-con-full e-flex elementor-invisible e-con e-child\" data-id=\"a98959c\" data-element_type=\"container\" data-e-type=\"container\" data-settings=\"{&quot;animation&quot;:&quot;fadeInLeft&quot;}\" href=\"https:\/\/www.youtube.com\/watch?v=vznA2RhTl40\" target=\"_blank\">\n\t\t\t\t<div class=\"elementor-element elementor-element-192a821 elementor-widget elementor-widget-image\" data-id=\"192a821\" data-element_type=\"widget\" data-e-type=\"widget\" data-widget_type=\"image.default\">\n\t\t\t\t\t\t\t\t\t\t\t\t\t\t\t<img loading=\"lazy\" decoding=\"async\" width=\"724\" height=\"1024\" src=\"https:\/\/klarafollova.cz\/wp-content\/uploads\/2026\/04\/cover-krimi-andel-724x1024.webp\" class=\"attachment-large size-large wp-image-220\" alt=\"\" srcset=\"https:\/\/klarafollova.cz\/wp-content\/uploads\/2026\/04\/cover-krimi-andel-724x1024.webp 724w, https:\/\/klarafollova.cz\/wp-content\/uploads\/2026\/04\/cover-krimi-andel-212x300.webp 212w, https:\/\/klarafollova.cz\/wp-content\/uploads\/2026\/04\/cover-krimi-andel-768x1086.webp 768w, https:\/\/klarafollova.cz\/wp-content\/uploads\/2026\/04\/cover-krimi-andel-8x12.webp 8w, https:\/\/klarafollova.cz\/wp-content\/uploads\/2026\/04\/cover-krimi-andel.webp 990w\" sizes=\"(max-width: 724px) 100vw, 724px\" \/>\t\t\t\t\t\t\t\t\t\t\t\t\t\t\t<\/div>\n\t\t\t\t<div class=\"elementor-element elementor-element-0d339b3 elementor-widget elementor-widget-heading\" data-id=\"0d339b3\" data-element_type=\"widget\" data-e-type=\"widget\" data-widget_type=\"heading.default\">\n\t\t\t\t\t<p class=\"elementor-heading-title elementor-size-default\">KRIMIN\u00c1LKA AND\u011aL IV\n<br>\n<small>crime series<\/small>\n<br>\n<small>16 episodes<br><small>Photo: TV Nova<\/small><\/small><\/p>\t\t\t\t<\/div>\n\t\t\t\t<\/a>\n\t\t<a class=\"elementor-element elementor-element-f02443a e-con-full e-flex elementor-invisible e-con e-child\" data-id=\"f02443a\" data-element_type=\"container\" data-e-type=\"container\" data-settings=\"{&quot;animation&quot;:&quot;fadeInLeft&quot;}\" href=\"https:\/\/www.youtube.com\/watch?v=Rsb8jMB-lz0\" target=\"_blank\">\n\t\t\t\t<div class=\"elementor-element elementor-element-8291d4c elementor-widget elementor-widget-image\" data-id=\"8291d4c\" data-element_type=\"widget\" data-e-type=\"widget\" data-widget_type=\"image.default\">\n\t\t\t\t\t\t\t\t\t\t\t\t\t\t\t<img loading=\"lazy\" decoding=\"async\" width=\"724\" height=\"1024\" src=\"https:\/\/klarafollova.cz\/wp-content\/uploads\/2026\/04\/cover-gympl-724x1024.webp\" class=\"attachment-large size-large wp-image-219\" alt=\"\" srcset=\"https:\/\/klarafollova.cz\/wp-content\/uploads\/2026\/04\/cover-gympl-724x1024.webp 724w, https:\/\/klarafollova.cz\/wp-content\/uploads\/2026\/04\/cover-gympl-212x300.webp 212w, https:\/\/klarafollova.cz\/wp-content\/uploads\/2026\/04\/cover-gympl-768x1086.webp 768w, https:\/\/klarafollova.cz\/wp-content\/uploads\/2026\/04\/cover-gympl-8x12.webp 8w, https:\/\/klarafollova.cz\/wp-content\/uploads\/2026\/04\/cover-gympl.webp 990w\" sizes=\"(max-width: 724px) 100vw, 724px\" \/>\t\t\t\t\t\t\t\t\t\t\t\t\t\t\t<\/div>\n\t\t\t\t<div class=\"elementor-element elementor-element-de82095 elementor-widget elementor-widget-heading\" data-id=\"de82095\" data-element_type=\"widget\" data-e-type=\"widget\" data-widget_type=\"heading.default\">\n\t\t\t\t\t<p class=\"elementor-heading-title elementor-size-default\">GYMPL\n<br>\n<small>musical dramedy<\/small>\n<br>\n<small>64 episodes<br><small>Photo: TV Nova<\/small><\/small><\/p>\t\t\t\t<\/div>\n\t\t\t\t<\/a>\n\t\t<a class=\"elementor-element elementor-element-1d9cc55 e-con-full e-flex elementor-invisible e-con e-child\" data-id=\"1d9cc55\" data-element_type=\"container\" data-e-type=\"container\" data-settings=\"{&quot;animation&quot;:&quot;fadeInLeft&quot;}\" href=\"https:\/\/www.youtube.com\/watch?v=7yi2hAkzuiY\" target=\"_blank\">\n\t\t\t\t<div class=\"elementor-element elementor-element-1468c53 elementor-widget elementor-widget-image\" data-id=\"1468c53\" data-element_type=\"widget\" data-e-type=\"widget\" data-widget_type=\"image.default\">\n\t\t\t\t\t\t\t\t\t\t\t\t\t\t\t<img loading=\"lazy\" decoding=\"async\" width=\"724\" height=\"1024\" src=\"https:\/\/klarafollova.cz\/wp-content\/uploads\/2026\/04\/cover-comeback-724x1024.webp\" class=\"attachment-large size-large wp-image-218\" alt=\"\" srcset=\"https:\/\/klarafollova.cz\/wp-content\/uploads\/2026\/04\/cover-comeback-724x1024.webp 724w, https:\/\/klarafollova.cz\/wp-content\/uploads\/2026\/04\/cover-comeback-212x300.webp 212w, https:\/\/klarafollova.cz\/wp-content\/uploads\/2026\/04\/cover-comeback-768x1086.webp 768w, https:\/\/klarafollova.cz\/wp-content\/uploads\/2026\/04\/cover-comeback-8x12.webp 8w, https:\/\/klarafollova.cz\/wp-content\/uploads\/2026\/04\/cover-comeback.webp 990w\" sizes=\"(max-width: 724px) 100vw, 724px\" \/>\t\t\t\t\t\t\t\t\t\t\t\t\t\t\t<\/div>\n\t\t\t\t<div class=\"elementor-element elementor-element-aa601e6 elementor-widget elementor-widget-heading\" data-id=\"aa601e6\" data-element_type=\"widget\" data-e-type=\"widget\" data-widget_type=\"heading.default\">\n\t\t\t\t\t<p class=\"elementor-heading-title elementor-size-default\">COMEBACK\n<br>\n<small>sitcom<\/small>\n<br>\n<small>51 episodes<br><small>Photo: TV Nova<\/small><\/small><\/p>\t\t\t\t<\/div>\n\t\t\t\t<\/a>\n\t\t\t\t<\/div>\n\t\t<div class=\"elementor-element elementor-element-5b1c64b e-grid e-con-full e-con e-child\" data-id=\"5b1c64b\" data-element_type=\"container\" data-e-type=\"container\">\n\t\t<a class=\"elementor-element elementor-element-ddcc96e e-con-full e-flex e-con e-child\" data-id=\"ddcc96e\" data-element_type=\"container\" data-e-type=\"container\" href=\"https:\/\/www.youtube.com\/watch?v=6KbEZW16eLw\" target=\"_blank\">\n\t\t\t\t<div class=\"elementor-element elementor-element-d0af867 elementor-widget elementor-widget-heading\" data-id=\"d0af867\" data-element_type=\"widget\" data-e-type=\"widget\" data-widget_type=\"heading.default\">\n\t\t\t\t\t<p class=\"elementor-heading-title elementor-size-default\">FERMA VEDETELOR\n<br>\n<small>TV reality show, 60 episodes<\/small><\/p>\t\t\t\t<\/div>\n\t\t\t\t<div class=\"elementor-element elementor-element-fb91eda elementor-view-default elementor-widget elementor-widget-icon\" data-id=\"fb91eda\" data-element_type=\"widget\" data-e-type=\"widget\" data-widget_type=\"icon.default\">\n\t\t\t\t\t\t\t<div class=\"elementor-icon-wrapper\">\n\t\t\t<div class=\"elementor-icon\">\n\t\t\t<svg aria-hidden=\"true\" class=\"e-font-icon-svg e-fas-arrow-right\" viewbox=\"0 0 448 512\" xmlns=\"http:\/\/www.w3.org\/2000\/svg\"><path d=\"M190.5 66.9l22.2-22.2c9.4-9.4 24.6-9.4 33.9 0L441 239c9.4 9.4 9.4 24.6 0 33.9L246.6 467.3c-9.4 9.4-24.6 9.4-33.9 0l-22.2-22.2c-9.5-9.5-9.3-25 .4-34.3L311.4 296H24c-13.3 0-24-10.7-24-24v-32c0-13.3 10.7-24 24-24h287.4L190.9 101.2c-9.8-9.3-10-24.8-.4-34.3z\"><\/path><\/svg>\t\t\t<\/div>\n\t\t<\/div>\n\t\t\t\t\t\t<\/div>\n\t\t\t\t<\/a>\n\t\t<a class=\"elementor-element elementor-element-d10c97f e-con-full e-flex e-con e-child\" data-id=\"d10c97f\" data-element_type=\"container\" data-e-type=\"container\" href=\"https:\/\/www.instagram.com\/tv\/B9dxBV0H1HR\" target=\"_blank\">\n\t\t\t\t<div class=\"elementor-element elementor-element-facd336 elementor-widget elementor-widget-heading\" data-id=\"facd336\" data-element_type=\"widget\" data-e-type=\"widget\" data-widget_type=\"heading.default\">\n\t\t\t\t\t<p class=\"elementor-heading-title elementor-size-default\">7th HEAVEN COSMETICS\n<br>\n<small>global campaign including social media content<\/small><\/p>\t\t\t\t<\/div>\n\t\t\t\t<div class=\"elementor-element elementor-element-7526412 elementor-view-default elementor-widget elementor-widget-icon\" data-id=\"7526412\" data-element_type=\"widget\" data-e-type=\"widget\" data-widget_type=\"icon.default\">\n\t\t\t\t\t\t\t<div class=\"elementor-icon-wrapper\">\n\t\t\t<div class=\"elementor-icon\">\n\t\t\t<svg aria-hidden=\"true\" class=\"e-font-icon-svg e-fas-arrow-right\" viewbox=\"0 0 448 512\" xmlns=\"http:\/\/www.w3.org\/2000\/svg\"><path d=\"M190.5 66.9l22.2-22.2c9.4-9.4 24.6-9.4 33.9 0L441 239c9.4 9.4 9.4 24.6 0 33.9L246.6 467.3c-9.4 9.4-24.6 9.4-33.9 0l-22.2-22.2c-9.5-9.5-9.3-25 .4-34.3L311.4 296H24c-13.3 0-24-10.7-24-24v-32c0-13.3 10.7-24 24-24h287.4L190.9 101.2c-9.8-9.3-10-24.8-.4-34.3z\"><\/path><\/svg>\t\t\t<\/div>\n\t\t<\/div>\n\t\t\t\t\t\t<\/div>\n\t\t\t\t<\/a>\n\t\t<a class=\"elementor-element elementor-element-6508830 e-con-full e-flex e-con e-child\" data-id=\"6508830\" data-element_type=\"container\" data-e-type=\"container\" href=\"https:\/\/www.youtube.com\/watch?v=fTfT_HO3iXU\" target=\"_blank\">\n\t\t\t\t<div class=\"elementor-element elementor-element-c3ecdc0 elementor-widget elementor-widget-heading\" data-id=\"c3ecdc0\" data-element_type=\"widget\" data-e-type=\"widget\" data-widget_type=\"heading.default\">\n\t\t\t\t\t<p class=\"elementor-heading-title elementor-size-default\">BOSSINI MOVE ON N' BEYOND\n<br>\n<small>campaign<\/small><\/p>\t\t\t\t<\/div>\n\t\t\t\t<div class=\"elementor-element elementor-element-8c7c069 elementor-view-default elementor-widget elementor-widget-icon\" data-id=\"8c7c069\" data-element_type=\"widget\" data-e-type=\"widget\" data-widget_type=\"icon.default\">\n\t\t\t\t\t\t\t<div class=\"elementor-icon-wrapper\">\n\t\t\t<div class=\"elementor-icon\">\n\t\t\t<svg aria-hidden=\"true\" class=\"e-font-icon-svg e-fas-arrow-right\" viewbox=\"0 0 448 512\" xmlns=\"http:\/\/www.w3.org\/2000\/svg\"><path d=\"M190.5 66.9l22.2-22.2c9.4-9.4 24.6-9.4 33.9 0L441 239c9.4 9.4 9.4 24.6 0 33.9L246.6 467.3c-9.4 9.4-24.6 9.4-33.9 0l-22.2-22.2c-9.5-9.5-9.3-25 .4-34.3L311.4 296H24c-13.3 0-24-10.7-24-24v-32c0-13.3 10.7-24 24-24h287.4L190.9 101.2c-9.8-9.3-10-24.8-.4-34.3z\"><\/path><\/svg>\t\t\t<\/div>\n\t\t<\/div>\n\t\t\t\t\t\t<\/div>\n\t\t\t\t<\/a>\n\t\t\t\t<\/div>\n\t\t\t\t<\/div>\n\t\t<div class=\"elementor-element elementor-element-7e8d494 e-con-full elementor-hidden-mobile e-flex elementor-invisible e-con e-child\" data-id=\"7e8d494\" data-element_type=\"container\" data-e-type=\"container\" data-settings=\"{&quot;animation&quot;:&quot;fadeIn&quot;}\">\n\t\t\t\t<div class=\"elementor-element elementor-element-7cd275a elementor-widget elementor-widget-image\" data-id=\"7cd275a\" data-element_type=\"widget\" data-e-type=\"widget\" data-widget_type=\"image.default\">\n\t\t\t\t\t\t\t\t\t\t\t\t\t\t\t<img loading=\"lazy\" decoding=\"async\" width=\"559\" height=\"495\" src=\"https:\/\/klarafollova.cz\/wp-content\/uploads\/2026\/04\/tvar-7.svg\" class=\"attachment-large size-large wp-image-16\" alt=\"\" \/>\t\t\t\t\t\t\t\t\t\t\t\t\t\t\t<\/div>\n\t\t\t\t<div class=\"elementor-element elementor-element-48516b7 elementor-widget elementor-widget-spacer\" data-id=\"48516b7\" data-element_type=\"widget\" data-e-type=\"widget\" data-widget_type=\"spacer.default\">\n\t\t\t\t\t\t\t<div class=\"elementor-spacer\">\n\t\t\t<div class=\"elementor-spacer-inner\"><\/div>\n\t\t<\/div>\n\t\t\t\t\t\t<\/div>\n\t\t\t\t<\/div>\n\t\t\t\t\t<\/div>\n\t\t\t\t<\/div>\n\t\t\t\t<\/div>","protected":false},"excerpt":{"rendered":"<p>VIDEO n\u011bkter\u00e9 m\u00e9 projekty ZLAT\u00c1 LABU\u0164 dobov\u00fd romantick\u00fd v\u00fdpravn\u00fd seri\u00e1l 56 epizodFoto: TV Nova CHCETE B\u00ddT MILION\u00c1\u0158EM? TV sout\u011b\u017en\u00ed hra 13 epizodFoto: TV Nova KRIMIN\u00c1LKA AND\u011aL IV krimin\u00e1ln\u00ed seri\u00e1l 16 epizodFoto: TV Nova GYMPL S R(U)\u010cEN\u00cdM OMEZEN\u00ddM hudebn\u00ed dramedy seri\u00e1l 64 epizodFoto: TV Nova COMEBACK sitcom 51 epizodFoto: TV Nova FERMA VEDETELOR TV reality show, [&hellip;]<\/p>\n","protected":false},"author":1,"featured_media":0,"parent":0,"menu_order":0,"comment_status":"closed","ping_status":"closed","template":"","meta":{"footnotes":""},"class_list":["post-134","page","type-page","status-publish","hentry"],"_links":{"self":[{"href":"https:\/\/klarafollova.cz\/en\/wp-json\/wp\/v2\/pages\/134","targetHints":{"allow":["GET"]}}],"collection":[{"href":"https:\/\/klarafollova.cz\/en\/wp-json\/wp\/v2\/pages"}],"about":[{"href":"https:\/\/klarafollova.cz\/en\/wp-json\/wp\/v2\/types\/page"}],"author":[{"embeddable":true,"href":"https:\/\/klarafollova.cz\/en\/wp-json\/wp\/v2\/users\/1"}],"replies":[{"embeddable":true,"href":"https:\/\/klarafollova.cz\/en\/wp-json\/wp\/v2\/comments?post=134"}],"version-history":[{"count":58,"href":"https:\/\/klarafollova.cz\/en\/wp-json\/wp\/v2\/pages\/134\/revisions"}],"predecessor-version":[{"id":299,"href":"https:\/\/klarafollova.cz\/en\/wp-json\/wp\/v2\/pages\/134\/revisions\/299"}],"wp:attachment":[{"href":"https:\/\/klarafollova.cz\/en\/wp-json\/wp\/v2\/media?parent=134"}],"curies":[{"name":"wp","href":"https:\/\/api.w.org\/{rel}","templated":true}]}}