{"id":103,"date":"2026-04-10T08:27:55","date_gmt":"2026-04-10T06:27:55","guid":{"rendered":"https:\/\/klarafollova.cz\/?page_id=103"},"modified":"2026-04-22T11:29:06","modified_gmt":"2026-04-22T09:29:06","slug":"prace","status":"publish","type":"page","link":"https:\/\/klarafollova.cz\/en\/prace\/","title":{"rendered":"Producentstv\u00ed"},"content":{"rendered":"<div data-elementor-type=\"wp-page\" data-elementor-id=\"103\" class=\"elementor elementor-103\">\n\t\t\t\t<div class=\"elementor-element elementor-element-1466c91 e-flex e-con-boxed e-con e-parent\" data-id=\"1466c91\" data-element_type=\"container\" data-e-type=\"container\">\n\t\t\t\t\t<div class=\"e-con-inner\">\n\t\t\t\t<div class=\"elementor-element elementor-element-d13e5ed elementor-widget elementor-widget-heading\" data-id=\"d13e5ed\" data-element_type=\"widget\" data-e-type=\"widget\" data-widget_type=\"heading.default\">\n\t\t\t\t\t<h1 class=\"elementor-heading-title elementor-size-default\">PRODUCING<\/h1>\t\t\t\t<\/div>\n\t\t\t\t<div class=\"elementor-element elementor-element-9f366d9 elementor-invisible elementor-widget elementor-widget-image\" data-id=\"9f366d9\" data-element_type=\"widget\" data-e-type=\"widget\" data-settings=\"{&quot;_animation&quot;:&quot;fadeIn&quot;}\" data-widget_type=\"image.default\">\n\t\t\t\t\t\t\t\t\t\t\t\t\t\t\t<img fetchpriority=\"high\" decoding=\"async\" width=\"1024\" height=\"353\" src=\"https:\/\/klarafollova.cz\/wp-content\/uploads\/2026\/04\/tvar-11.svg\" class=\"attachment-large size-large wp-image-107\" alt=\"\" \/>\t\t\t\t\t\t\t\t\t\t\t\t\t\t\t<\/div>\n\t\t\t\t<div class=\"elementor-element elementor-element-5d898ec elementor-hidden-mobile elementor-invisible elementor-widget elementor-widget-image\" data-id=\"5d898ec\" data-element_type=\"widget\" data-e-type=\"widget\" data-settings=\"{&quot;_animation&quot;:&quot;fadeInUp&quot;}\" data-widget_type=\"image.default\">\n\t\t\t\t\t\t\t\t\t\t\t\t\t\t\t<img decoding=\"async\" width=\"1024\" height=\"347\" src=\"https:\/\/klarafollova.cz\/wp-content\/uploads\/2026\/04\/monyova-2-1024x347.webp\" class=\"attachment-large size-large wp-image-111\" alt=\"\" srcset=\"https:\/\/klarafollova.cz\/wp-content\/uploads\/2026\/04\/monyova-2-1024x347.webp 1024w, https:\/\/klarafollova.cz\/wp-content\/uploads\/2026\/04\/monyova-2-300x102.webp 300w, https:\/\/klarafollova.cz\/wp-content\/uploads\/2026\/04\/monyova-2-768x260.webp 768w, https:\/\/klarafollova.cz\/wp-content\/uploads\/2026\/04\/monyova-2-18x6.webp 18w, https:\/\/klarafollova.cz\/wp-content\/uploads\/2026\/04\/monyova-2.webp 1365w\" sizes=\"(max-width: 1024px) 100vw, 1024px\" \/>\t\t\t\t\t\t\t\t\t\t\t\t\t\t\t<\/div>\n\t\t\t\t<div class=\"elementor-element elementor-element-2319a90 elementor-hidden-desktop elementor-hidden-tablet elementor-invisible elementor-widget elementor-widget-image\" data-id=\"2319a90\" data-element_type=\"widget\" data-e-type=\"widget\" data-settings=\"{&quot;_animation&quot;:&quot;fadeInUp&quot;}\" data-widget_type=\"image.default\">\n\t\t\t\t\t\t\t\t\t\t\t\t\t\t\t<img decoding=\"async\" width=\"865\" height=\"813\" src=\"https:\/\/klarafollova.cz\/wp-content\/uploads\/2026\/04\/monyova-v.webp\" class=\"attachment-large size-large wp-image-284\" alt=\"\" srcset=\"https:\/\/klarafollova.cz\/wp-content\/uploads\/2026\/04\/monyova-v.webp 865w, https:\/\/klarafollova.cz\/wp-content\/uploads\/2026\/04\/monyova-v-300x282.webp 300w, https:\/\/klarafollova.cz\/wp-content\/uploads\/2026\/04\/monyova-v-768x722.webp 768w, https:\/\/klarafollova.cz\/wp-content\/uploads\/2026\/04\/monyova-v-13x12.webp 13w\" sizes=\"(max-width: 865px) 100vw, 865px\" \/>\t\t\t\t\t\t\t\t\t\t\t\t\t\t\t<\/div>\n\t\t\t\t<div class=\"elementor-element elementor-element-a9d73c7 elementor-widget elementor-widget-heading\" data-id=\"a9d73c7\" data-element_type=\"widget\" data-e-type=\"widget\" data-widget_type=\"heading.default\">\n\t\t\t\t\t<p class=\"elementor-heading-title elementor-size-default\">MONYOV\u00c1<br>\n<small><small>Photo: TV Nova<\/small><\/small><\/p>\t\t\t\t<\/div>\n\t\t\t\t\t<\/div>\n\t\t\t\t<\/div>\n\t\t<div class=\"elementor-element elementor-element-ee3a609 e-flex e-con-boxed e-con e-parent\" data-id=\"ee3a609\" data-element_type=\"container\" data-e-type=\"container\">\n\t\t\t\t\t<div class=\"e-con-inner\">\n\t\t\t\t<div class=\"elementor-element elementor-element-cbd723e elementor-widget elementor-widget-text-editor\" data-id=\"cbd723e\" data-element_type=\"widget\" data-e-type=\"widget\" data-widget_type=\"text-editor.default\">\n\t\t\t\t\t\t\t\t\t<p>I focus on producing, showrunning and television management. I have almost 20 years of experience in the industry.<\/p><p>I am used to working in an international team and on an international level, both in the Czech Republic and abroad.<\/p><p>Currently I am a Creative Producer for the strongest Czech TV and streaming group \u2013\u00a0<strong><a href=\"http:\/\/www.oneplay.cz\/\">Oneplay<\/a><\/strong>\u00a0and\u00a0<strong><a href=\"http:\/\/nova.cz\/\" target=\"_blank\" rel=\"noopener\">Nova<\/a><\/strong>, where I am responsible for the development and production of projects of various genres.<\/p><p class=\"translation-block\">My current project true story series <a href=\"https:\/\/www.imdb.com\/title\/tt39390768\/?ref_=nv_sr_srsg_0_tt_1_nm_7_in_0_q_monyov\" target=\"_BLANK\"><strong>Monyov\u00e1<\/strong><\/a> about domestic violence, won numerous awards including the award for Best European Series at Serial Killer Festival, and was included in the highly prestigious <a href=\"https:\/\/www.efm-berlinale.de\/en\/berlinale-series-market-conference\/programme\/berlinale-selects\/content_initiative_selects.html#!\/accordion2441961=accordion-item-start-module-6\" target=\"_blank\"><strong>Berlinale Series Market Selection<\/strong><\/a>. It will be followed by a documentary series Love Doesn\u2019t Hurt about violence in close relationships and the transgenerational transmission of trauma. My other current project is a true story series <a href=\"https:\/\/www.imdb.com\/title\/tt38876129\/?ref_=fn_t_1\" target=\"_BLANK\"><strong>Record(wo)man<\/strong><\/a> about the pre war intersex sports superstar Zden\u011bk Koubek.<\/p>\t\t\t\t\t\t\t\t<\/div>\n\t\t\t\t\t<\/div>\n\t\t\t\t<\/div>\n\t\t<div class=\"elementor-element elementor-element-30160b7 e-flex e-con-boxed e-con e-parent\" data-id=\"30160b7\" data-element_type=\"container\" data-e-type=\"container\">\n\t\t\t\t\t<div class=\"e-con-inner\">\n\t\t<div class=\"elementor-element elementor-element-276005e e-grid e-con-full e-con e-child\" data-id=\"276005e\" data-element_type=\"container\" data-e-type=\"container\">\n\t\t<div class=\"elementor-element elementor-element-2cfc8fc e-con-full e-flex elementor-invisible e-con e-child\" data-id=\"2cfc8fc\" data-element_type=\"container\" data-e-type=\"container\" data-settings=\"{&quot;animation&quot;:&quot;fadeInLeft&quot;,&quot;animation_delay&quot;:300}\">\n\t\t\t\t<div class=\"elementor-element elementor-element-f45cfb4 elementor-widget elementor-widget-image\" data-id=\"f45cfb4\" data-element_type=\"widget\" data-e-type=\"widget\" data-widget_type=\"image.default\">\n\t\t\t\t\t\t\t\t\t\t\t\t\t\t\t<img loading=\"lazy\" decoding=\"async\" width=\"819\" height=\"1024\" src=\"https:\/\/klarafollova.cz\/wp-content\/uploads\/2026\/04\/rekordwoman-1-819x1024.webp\" class=\"attachment-large size-large wp-image-117\" alt=\"Rekord Woman\" srcset=\"https:\/\/klarafollova.cz\/wp-content\/uploads\/2026\/04\/rekordwoman-1-819x1024.webp 819w, https:\/\/klarafollova.cz\/wp-content\/uploads\/2026\/04\/rekordwoman-1-240x300.webp 240w, https:\/\/klarafollova.cz\/wp-content\/uploads\/2026\/04\/rekordwoman-1-768x960.webp 768w, https:\/\/klarafollova.cz\/wp-content\/uploads\/2026\/04\/rekordwoman-1-10x12.webp 10w, https:\/\/klarafollova.cz\/wp-content\/uploads\/2026\/04\/rekordwoman-1.webp 1080w\" sizes=\"(max-width: 819px) 100vw, 819px\" \/>\t\t\t\t\t\t\t\t\t\t\t\t\t\t\t<\/div>\n\t\t\t\t<div class=\"elementor-element elementor-element-c2198f2 elementor-widget elementor-widget-heading\" data-id=\"c2198f2\" data-element_type=\"widget\" data-e-type=\"widget\" data-widget_type=\"heading.default\">\n\t\t\t\t\t<p class=\"elementor-heading-title elementor-size-default\">REKORD(WO)MAN<br>\n<small><small>Photo: TV Nova<\/small><\/small><\/p>\t\t\t\t<\/div>\n\t\t\t\t<\/div>\n\t\t<div class=\"elementor-element elementor-element-5a21976 e-con-full e-flex elementor-invisible e-con e-child\" data-id=\"5a21976\" data-element_type=\"container\" data-e-type=\"container\" data-settings=\"{&quot;animation&quot;:&quot;fadeInLeft&quot;,&quot;animation_delay&quot;:150}\">\n\t\t\t\t<div class=\"elementor-element elementor-element-abc3256 elementor-widget elementor-widget-image\" data-id=\"abc3256\" data-element_type=\"widget\" data-e-type=\"widget\" data-widget_type=\"image.default\">\n\t\t\t\t\t\t\t\t\t\t\t\t\t\t\t<img loading=\"lazy\" decoding=\"async\" width=\"819\" height=\"1024\" src=\"https:\/\/klarafollova.cz\/wp-content\/uploads\/2026\/04\/rekordwoman-2-819x1024.webp\" class=\"attachment-large size-large wp-image-118\" alt=\"Rekord Woman\" srcset=\"https:\/\/klarafollova.cz\/wp-content\/uploads\/2026\/04\/rekordwoman-2-819x1024.webp 819w, https:\/\/klarafollova.cz\/wp-content\/uploads\/2026\/04\/rekordwoman-2-240x300.webp 240w, https:\/\/klarafollova.cz\/wp-content\/uploads\/2026\/04\/rekordwoman-2-768x960.webp 768w, https:\/\/klarafollova.cz\/wp-content\/uploads\/2026\/04\/rekordwoman-2-10x12.webp 10w, https:\/\/klarafollova.cz\/wp-content\/uploads\/2026\/04\/rekordwoman-2.webp 1080w\" sizes=\"(max-width: 819px) 100vw, 819px\" \/>\t\t\t\t\t\t\t\t\t\t\t\t\t\t\t<\/div>\n\t\t\t\t<div class=\"elementor-element elementor-element-de1d9ef elementor-widget elementor-widget-heading\" data-id=\"de1d9ef\" data-element_type=\"widget\" data-e-type=\"widget\" data-widget_type=\"heading.default\">\n\t\t\t\t\t<p class=\"elementor-heading-title elementor-size-default\">REKORD(WO)MAN<br>\n<small><small>Photo: TV Nova<\/small><\/small><\/p>\t\t\t\t<\/div>\n\t\t\t\t<\/div>\n\t\t<div class=\"elementor-element elementor-element-8ee3f11 e-con-full e-flex elementor-invisible e-con e-child\" data-id=\"8ee3f11\" data-element_type=\"container\" data-e-type=\"container\" data-settings=\"{&quot;animation&quot;:&quot;fadeInLeft&quot;}\">\n\t\t\t\t<div class=\"elementor-element elementor-element-5755af0 elementor-widget elementor-widget-image\" data-id=\"5755af0\" data-element_type=\"widget\" data-e-type=\"widget\" data-widget_type=\"image.default\">\n\t\t\t\t\t\t\t\t\t\t\t\t\t\t\t<img loading=\"lazy\" decoding=\"async\" width=\"819\" height=\"1024\" src=\"https:\/\/klarafollova.cz\/wp-content\/uploads\/2026\/04\/monyova-3-819x1024.webp\" class=\"attachment-large size-large wp-image-119\" alt=\"Monyov\u00e1\" srcset=\"https:\/\/klarafollova.cz\/wp-content\/uploads\/2026\/04\/monyova-3-819x1024.webp 819w, https:\/\/klarafollova.cz\/wp-content\/uploads\/2026\/04\/monyova-3-240x300.webp 240w, https:\/\/klarafollova.cz\/wp-content\/uploads\/2026\/04\/monyova-3-768x960.webp 768w, https:\/\/klarafollova.cz\/wp-content\/uploads\/2026\/04\/monyova-3-10x12.webp 10w, https:\/\/klarafollova.cz\/wp-content\/uploads\/2026\/04\/monyova-3.webp 1080w\" sizes=\"(max-width: 819px) 100vw, 819px\" \/>\t\t\t\t\t\t\t\t\t\t\t\t\t\t\t<\/div>\n\t\t\t\t<div class=\"elementor-element elementor-element-161438d elementor-widget elementor-widget-heading\" data-id=\"161438d\" data-element_type=\"widget\" data-e-type=\"widget\" data-widget_type=\"heading.default\">\n\t\t\t\t\t<p class=\"elementor-heading-title elementor-size-default\">MONYOV\u00c1<br>\n<small><small>Photo: TV Nova<\/small><\/small><\/p>\t\t\t\t<\/div>\n\t\t\t\t<\/div>\n\t\t\t\t<\/div>\n\t\t\t\t\t<\/div>\n\t\t\t\t<\/div>\n\t\t<div class=\"elementor-element elementor-element-0882662 e-flex e-con-boxed e-con e-parent\" data-id=\"0882662\" data-element_type=\"container\" data-e-type=\"container\">\n\t\t\t\t\t<div class=\"e-con-inner\">\n\t\t\t\t<div class=\"elementor-element elementor-element-381a413 elementor-widget elementor-widget-text-editor\" data-id=\"381a413\" data-element_type=\"widget\" data-e-type=\"widget\" data-widget_type=\"text-editor.default\">\n\t\t\t\t\t\t\t\t\t<p class=\"translation-block\">I have produced a number of successful primetime TV shows \u2013 long running period series <a href=\"https:\/\/variety.com\/2024\/tv\/global\/onza-golden-swan-series-mania-1235938234\/\" target=\"_blank\"><strong>Golden Swan<\/strong><\/a>, which also got international distribution, original crime series, long running musical series, the most popular Czech sitcom ever or Czech version of legendary quiz show \u201c<a href=\"https:\/\/www.youtube.com\/watch?v=fG2_p9b3HFA&amp;t=1s\" target=\"_blank\"><strong>Who Wants to Be a Millionaire?<\/strong><\/a>\u201d<\/p><p>I have also produced live TV ceremonies, music magazines and a number of short Czech and foreign films and commercials.<\/p><p class=\"translation-block\">In 2014 and 2015, I was based in Romania, where I was in charge of local production within <a href=\"https:\/\/www.cetv-net.com\/countries\/romania\" target=\"_blank\"><strong>PRO TV<\/strong><\/a>, which is part of the multinational media company <a href=\"https:\/\/www.cetv-net.com\/\" target=\"_blank\"><strong>CME<\/strong><\/a> and is local the number one TV company.<\/p><p>At\u00a0<strong><a href=\"http:\/\/www.dawson.cz\/\" target=\"_blank\" rel=\"noopener\">Dawson Productions<\/a><\/strong>\u00a0, I held the position of Head of Development and was in charge of the running of the development department, with a focus on feature films and international co-productions.<\/p><p>I am proud, that I could be involved in the launch of\u00a0<strong><a href=\"http:\/\/www.meetfactory.cz\/\" target=\"_blank\" rel=\"noopener\">MeetFactory<\/a><\/strong>, an international cultural centre, where I served as Director.<\/p><p class=\"translation-block\">I also devote my time to educational projects. In the past, I have been in charge of the non-profit <a href=\"https:\/\/www.lidovky.cz\/jit-volit-je-sexy-vyzyva-mlade-kampan-d8c-\/zpravy-domov.aspx?c=A060428_105710_ln_volby_vvr\" target=\"_blank\"><strong>To Vote is Sexy campaign<\/strong><\/a> and I am actively involved in projects promoting gender equality awareness.<\/p><p class=\"translation-block\">I also have experience in festival production: I co-organised FAMUfest, <a href=\"http:\/\/praguefashionweek.com\/\" target=\"_blank\"><strong>Prague Fashion Week<\/strong><\/a> and for several years I worked in the production of the <a href=\"https:\/\/www.kviff.com\/en\/homepage\" target=\"_blank\"><strong>Karlovy Vary International Film Festival<\/strong><\/a> \u2013 A listed film festival.<\/p>\t\t\t\t\t\t\t\t<\/div>\n\t\t\t\t<div class=\"elementor-element elementor-element-978d42f elementor-widget elementor-widget-heading\" data-id=\"978d42f\" data-element_type=\"widget\" data-e-type=\"widget\" data-widget_type=\"heading.default\">\n\t\t\t\t\t<h2 class=\"elementor-heading-title elementor-size-default\">Writing<\/h2>\t\t\t\t<\/div>\n\t\t\t\t<div class=\"elementor-element elementor-element-4ed950e elementor-widget elementor-widget-text-editor\" data-id=\"4ed950e\" data-element_type=\"widget\" data-e-type=\"widget\" data-widget_type=\"text-editor.default\">\n\t\t\t\t\t\t\t\t\t<p>I am an occasional publicist. I like writing about film, television, traveling and feminist issues.<\/p><p>My articles have been published in variety of Czech medias including Czech Radio and for\u00a0<strong><a href=\"http:\/\/www.lfs.cz\/\" target=\"_blank\" rel=\"noopener\">Letn\u00ed filmov\u00e9 \u0161koly v Uhersk\u00e9m Hradi\u0161ti<\/a><\/strong>. During my studies I worked as an editor in teenage BravoGirl! magazine.<\/p>\t\t\t\t\t\t\t\t<\/div>\n\t\t\t\t\t<\/div>\n\t\t\t\t<\/div>\n\t\t\t\t<\/div>","protected":false},"excerpt":{"rendered":"<p>PRODUCENTSTV\u00cd MONYOV\u00c1 Foto: TV Nova Zam\u011b\u0159uji se na producentstv\u00ed, showrunning, televizn\u00ed management a \u0159\u00edzen\u00ed t\u00fdm\u016f. M\u00e1m t\u00e9m\u011b\u0159 20 let zku\u0161enost\u00ed v oboru. Jsem zvykl\u00e1 pracovat v mezin\u00e1rodn\u00edm t\u00fdmu a na mezin\u00e1rodn\u00ed \u00farovni, v\u00a0\u010cR i v zahrani\u010d\u00ed. Aktu\u00e1ln\u011b d\u011bl\u00e1m kreativn\u00ed producentku pro slu\u017ebu\u00a0Oneplay\u00a0a televizi\u00a0Nova, kde\u00a0m\u00e1m na starosti v\u00fdvoj a v\u00fdrobu po\u0159ad\u016f r\u016fzn\u00fdch \u017e\u00e1nr\u016f. V sou\u010dasnosti p\u0159ipravuji [&hellip;]<\/p>\n","protected":false},"author":1,"featured_media":0,"parent":0,"menu_order":0,"comment_status":"closed","ping_status":"closed","template":"","meta":{"footnotes":""},"class_list":["post-103","page","type-page","status-publish","hentry"],"_links":{"self":[{"href":"https:\/\/klarafollova.cz\/en\/wp-json\/wp\/v2\/pages\/103","targetHints":{"allow":["GET"]}}],"collection":[{"href":"https:\/\/klarafollova.cz\/en\/wp-json\/wp\/v2\/pages"}],"about":[{"href":"https:\/\/klarafollova.cz\/en\/wp-json\/wp\/v2\/types\/page"}],"author":[{"embeddable":true,"href":"https:\/\/klarafollova.cz\/en\/wp-json\/wp\/v2\/users\/1"}],"replies":[{"embeddable":true,"href":"https:\/\/klarafollova.cz\/en\/wp-json\/wp\/v2\/comments?post=103"}],"version-history":[{"count":50,"href":"https:\/\/klarafollova.cz\/en\/wp-json\/wp\/v2\/pages\/103\/revisions"}],"predecessor-version":[{"id":290,"href":"https:\/\/klarafollova.cz\/en\/wp-json\/wp\/v2\/pages\/103\/revisions\/290"}],"wp:attachment":[{"href":"https:\/\/klarafollova.cz\/en\/wp-json\/wp\/v2\/media?parent=103"}],"curies":[{"name":"wp","href":"https:\/\/api.w.org\/{rel}","templated":true}]}}